{"id":11718,"date":"2020-05-31T18:35:18","date_gmt":"2020-05-31T15:35:18","guid":{"rendered":"https:\/\/outlines.fi\/?post_type=product&#038;p=11718"},"modified":"2023-09-21T21:33:41","modified_gmt":"2023-09-21T18:33:41","slug":"roisto-06-10-cd","status":"publish","type":"product","link":"http:\/\/outlines.fi\/en\/product\/roisto-06-10-cd\/","title":{"rendered":"Roisto 06-10 vol.1 cd"},"content":{"rendered":"<p>Roisto-yhtyeen kokoelmalevy. Julkaisuvuosi 2016<\/p>\n<ol>\n<li>Myrskyn yll\u00e4<\/li>\n<li>Pala rakkautta<\/li>\n<li>Hetki sankareita leikit\u00e4\u00e4n<\/li>\n<li>Meret<\/li>\n<li>Juoni<\/li>\n<li>J\u00e4lki<\/li>\n<li>Onnelan portit<\/li>\n<li>Paha sanoma<\/li>\n<li>Kuningas<\/li>\n<li>Voima<\/li>\n<li>Y\u00f6<\/li>\n<\/ol>","protected":false},"excerpt":{"rendered":"<p>Roisto-yhtyeen kokoelmalevy. Julkaisuvuosi 2016 Myrskyn yll\u00e4 Pala rakkautta Hetki sankareita leikit\u00e4\u00e4n Meret Juoni J\u00e4lki Onnelan portit Paha sanoma Kuningas Voima Y\u00f6<\/p>","protected":false},"featured_media":11719,"comment_status":"closed","ping_status":"closed","template":"","meta":[],"product_brand":[],"product_cat":[33],"product_tag":[],"class_list":{"0":"post-11718","1":"product","2":"type-product","3":"status-publish","4":"has-post-thumbnail","6":"product_cat-uncategorized","7":"product_shipping_class-kirje","9":"first","10":"instock","11":"taxable","12":"shipping-taxable","13":"purchasable","14":"product-type-simple"},"_links":{"self":[{"href":"http:\/\/outlines.fi\/en\/wp-json\/wp\/v2\/product\/11718","targetHints":{"allow":["GET"]}}],"collection":[{"href":"http:\/\/outlines.fi\/en\/wp-json\/wp\/v2\/product"}],"about":[{"href":"http:\/\/outlines.fi\/en\/wp-json\/wp\/v2\/types\/product"}],"replies":[{"embeddable":true,"href":"http:\/\/outlines.fi\/en\/wp-json\/wp\/v2\/comments?post=11718"}],"wp:featuredmedia":[{"embeddable":true,"href":"http:\/\/outlines.fi\/en\/wp-json\/wp\/v2\/media\/11719"}],"wp:attachment":[{"href":"http:\/\/outlines.fi\/en\/wp-json\/wp\/v2\/media?parent=11718"}],"wp:term":[{"taxonomy":"product_brand","embeddable":true,"href":"http:\/\/outlines.fi\/en\/wp-json\/wp\/v2\/product_brand?post=11718"},{"taxonomy":"product_cat","embeddable":true,"href":"http:\/\/outlines.fi\/en\/wp-json\/wp\/v2\/product_cat?post=11718"},{"taxonomy":"product_tag","embeddable":true,"href":"http:\/\/outlines.fi\/en\/wp-json\/wp\/v2\/product_tag?post=11718"}],"curies":[{"name":"wp","href":"https:\/\/api.w.org\/{rel}","templated":true}]}}