{"id":12559,"date":"2023-09-09T11:19:39","date_gmt":"2023-09-09T08:19:39","guid":{"rendered":"https:\/\/outlines.fi\/?post_type=product&#038;p=12559"},"modified":"2023-09-21T21:33:06","modified_gmt":"2023-09-21T18:33:06","slug":"sana-korvikset","status":"publish","type":"product","link":"http:\/\/outlines.fi\/en\/product\/sana-korvikset\/","title":{"rendered":"Sana korvikset"},"content":{"rendered":"<p>OUTO ARTS x SANA<br>K\u00e4sity\u00f6n\u00e4 Oulussa valmistetut korvakorut Pauli Marosen suunnittelemasta Sanan logosta.<br>Korvikset on Sanan lempiv\u00e4reiss\u00e4 eli pariin kuuluu turkoosi ja pinkki.<br><br>Korvisten koko 5.5cm, materiaali maalattu puukuitu ja koukut allergiavapaat, hopeoidut.<\/p>","protected":false},"excerpt":{"rendered":"<p><span style=\"font-family: -webkit-standard;font-size: medium\">OUTO ARTS x SANA <\/span><span style=\"font-family: -webkit-standard;font-size: medium\">K\u00e4sity\u00f6n\u00e4 Oulussa valmistetut korvakorut Pauli Marosen suunnittelemasta Sanan logosta. <\/span><span style=\"font-family: -webkit-standard;font-size: medium\">Korvikset on Sanan lempiv\u00e4reiss\u00e4 eli pariin kuuluu turkoosi ja pinkki. <\/span><span style=\"font-family: -webkit-standard;font-size: medium\">Korvisten koko 5.5cm, materiaali maalattu puukuitu ja koukut allergiavapaat, hopeoidut.<\/span><\/p>","protected":false},"featured_media":12561,"comment_status":"closed","ping_status":"closed","template":"","meta":[],"product_brand":[],"product_cat":[40,125],"product_tag":[],"class_list":{"0":"post-12559","1":"product","2":"type-product","3":"status-publish","4":"has-post-thumbnail","6":"product_cat-muut-tuotteet","7":"product_cat-sana","8":"product_shipping_class-kirje","10":"first","11":"instock","12":"taxable","13":"shipping-taxable","14":"purchasable","15":"product-type-simple"},"_links":{"self":[{"href":"http:\/\/outlines.fi\/en\/wp-json\/wp\/v2\/product\/12559","targetHints":{"allow":["GET"]}}],"collection":[{"href":"http:\/\/outlines.fi\/en\/wp-json\/wp\/v2\/product"}],"about":[{"href":"http:\/\/outlines.fi\/en\/wp-json\/wp\/v2\/types\/product"}],"replies":[{"embeddable":true,"href":"http:\/\/outlines.fi\/en\/wp-json\/wp\/v2\/comments?post=12559"}],"wp:featuredmedia":[{"embeddable":true,"href":"http:\/\/outlines.fi\/en\/wp-json\/wp\/v2\/media\/12561"}],"wp:attachment":[{"href":"http:\/\/outlines.fi\/en\/wp-json\/wp\/v2\/media?parent=12559"}],"wp:term":[{"taxonomy":"product_brand","embeddable":true,"href":"http:\/\/outlines.fi\/en\/wp-json\/wp\/v2\/product_brand?post=12559"},{"taxonomy":"product_cat","embeddable":true,"href":"http:\/\/outlines.fi\/en\/wp-json\/wp\/v2\/product_cat?post=12559"},{"taxonomy":"product_tag","embeddable":true,"href":"http:\/\/outlines.fi\/en\/wp-json\/wp\/v2\/product_tag?post=12559"}],"curies":[{"name":"wp","href":"https:\/\/api.w.org\/{rel}","templated":true}]}}