{"id":9862,"date":"2020-02-09T20:29:36","date_gmt":"2020-02-09T18:29:36","guid":{"rendered":"https:\/\/outlines.fi\/kauppa\/tuote\/kemi-pipo-2\/"},"modified":"2023-11-26T12:28:11","modified_gmt":"2023-11-26T10:28:11","slug":"heavy-metal-thunder-kemi-pipo","status":"publish","type":"product","link":"http:\/\/outlines.fi\/en\/product\/heavy-metal-thunder-kemi-pipo\/","title":{"rendered":"Heavy Metal Thunder KEMI -pipo"},"content":{"rendered":"<p>Uusi brodeerattu Heavy Metal henkinen KEMI logo.<br \/>\nTiukka, muodoltaan istuva pipo.<\/p>\n<p>100% turboakryyli<br \/>\nnoin 30cm pitk\u00e4<\/p>\n<p>Tilaustuote. Normaali toimitus aika on 5-20 arkip\u00e4iv\u00e4\u00e4.<\/p>","protected":false},"excerpt":{"rendered":"<p>Uusi brodeerattu Heavy Metal henkinen KEMI logo. Tiukka, muodoltaan istuva pipo. 100% turboakryyli noin 30cm pitk\u00e4 Tilaustuote. Normaali toimitus aika on 5-20 arkip\u00e4iv\u00e4\u00e4.<\/p>","protected":false},"featured_media":9863,"comment_status":"closed","ping_status":"closed","template":"","meta":[],"product_brand":[],"product_cat":[9,41],"product_tag":[78,81,93,22,92,82,94,84],"class_list":{"0":"post-9862","1":"product","2":"type-product","3":"status-publish","4":"has-post-thumbnail","6":"product_cat-kemilaine","7":"product_cat-paahineet","8":"product_tag-heavymetal","9":"product_tag-kemi","10":"product_tag-kemi-paita","11":"product_tag-kemilaine","12":"product_tag-kemipaita","13":"product_tag-original","14":"product_tag-paikallinen","15":"product_tag-pipo","16":"product_shipping_class-printful-hat","17":"pa_tuotemerkki-kemilaine","19":"first","20":"instock","21":"taxable","22":"shipping-taxable","23":"purchasable","24":"product-type-variable","25":"has-default-attributes"},"_links":{"self":[{"href":"http:\/\/outlines.fi\/en\/wp-json\/wp\/v2\/product\/9862","targetHints":{"allow":["GET"]}}],"collection":[{"href":"http:\/\/outlines.fi\/en\/wp-json\/wp\/v2\/product"}],"about":[{"href":"http:\/\/outlines.fi\/en\/wp-json\/wp\/v2\/types\/product"}],"replies":[{"embeddable":true,"href":"http:\/\/outlines.fi\/en\/wp-json\/wp\/v2\/comments?post=9862"}],"wp:featuredmedia":[{"embeddable":true,"href":"http:\/\/outlines.fi\/en\/wp-json\/wp\/v2\/media\/9863"}],"wp:attachment":[{"href":"http:\/\/outlines.fi\/en\/wp-json\/wp\/v2\/media?parent=9862"}],"wp:term":[{"taxonomy":"product_brand","embeddable":true,"href":"http:\/\/outlines.fi\/en\/wp-json\/wp\/v2\/product_brand?post=9862"},{"taxonomy":"product_cat","embeddable":true,"href":"http:\/\/outlines.fi\/en\/wp-json\/wp\/v2\/product_cat?post=9862"},{"taxonomy":"product_tag","embeddable":true,"href":"http:\/\/outlines.fi\/en\/wp-json\/wp\/v2\/product_tag?post=9862"}],"curies":[{"name":"wp","href":"https:\/\/api.w.org\/{rel}","templated":true}]}}