{"id":7410,"date":"2019-11-03T13:23:27","date_gmt":"2019-11-03T11:23:27","guid":{"rendered":"https:\/\/outlines.fi\/kauppa\/?page_id=7410"},"modified":"2020-03-26T05:50:08","modified_gmt":"2020-03-26T03:50:08","slug":"info","status":"publish","type":"page","link":"https:\/\/outlines.fi\/en\/info\/","title":{"rendered":"Info"},"content":{"rendered":"<p>Outlines Merchandise syntyi ideasta tarjota kavereiden b\u00e4ndeille verkkokauppa ja palvelu, jossa myyd\u00e4 oheistuotteita eli merkkareita.<\/p>\n\n\n\n<p>Merkkarimyynnin rinnalla Outlines Merchandise myy my\u00f6s omia br\u00e4ndej\u00e4. T\u00e4st\u00e4 esimerkkin\u00e4 Kemil\u00e4ine -vaatebr\u00e4ndi.&nbsp;<\/p>\n\n\n\n<p>Tarkoituksena on palvelun laajentaminen my\u00f6s muille b\u00e4ndeille, artisteille ja kaikille palvelusta kiinnostuneille.<\/p>\n\n\n\n<p>Kokonaisvaltaine palvelu koostuu tuotteen suunnittelusta, tuotannosta sek\u00e4 tuotteiden myynnist\u00e4 verkkokaupassa.<\/p>","protected":false},"excerpt":{"rendered":"<p>Outlines Merchandise syntyi ideasta tarjota kavereiden b\u00e4ndeille verkkokauppa ja palvelu, jossa myyd\u00e4 oheistuotteita eli merkkareita. Merkkarimyynnin rinnalla Outlines Merchandise myy my\u00f6s omia br\u00e4ndej\u00e4. T\u00e4st\u00e4 esimerkkin\u00e4 Kemil\u00e4ine -vaatebr\u00e4ndi.&nbsp; Tarkoituksena on palvelun laajentaminen my\u00f6s muille b\u00e4ndeille, artisteille ja kaikille palvelusta kiinnostuneille. Kokonaisvaltaine palvelu koostuu tuotteen suunnittelusta, tuotannosta sek\u00e4 tuotteiden myynnist\u00e4 verkkokaupassa.<\/p>","protected":false},"author":1,"featured_media":0,"parent":0,"menu_order":0,"comment_status":"closed","ping_status":"closed","template":"","meta":{"footnotes":""},"class_list":["post-7410","page","type-page","status-publish","hentry"],"_links":{"self":[{"href":"https:\/\/outlines.fi\/en\/wp-json\/wp\/v2\/pages\/7410","targetHints":{"allow":["GET"]}}],"collection":[{"href":"https:\/\/outlines.fi\/en\/wp-json\/wp\/v2\/pages"}],"about":[{"href":"https:\/\/outlines.fi\/en\/wp-json\/wp\/v2\/types\/page"}],"author":[{"embeddable":true,"href":"https:\/\/outlines.fi\/en\/wp-json\/wp\/v2\/users\/1"}],"replies":[{"embeddable":true,"href":"https:\/\/outlines.fi\/en\/wp-json\/wp\/v2\/comments?post=7410"}],"version-history":[{"count":2,"href":"https:\/\/outlines.fi\/en\/wp-json\/wp\/v2\/pages\/7410\/revisions"}],"predecessor-version":[{"id":11194,"href":"https:\/\/outlines.fi\/en\/wp-json\/wp\/v2\/pages\/7410\/revisions\/11194"}],"wp:attachment":[{"href":"https:\/\/outlines.fi\/en\/wp-json\/wp\/v2\/media?parent=7410"}],"curies":[{"name":"wp","href":"https:\/\/api.w.org\/{rel}","templated":true}]}}