{"id":83,"date":"2020-03-28T07:41:10","date_gmt":"2020-03-28T05:41:10","guid":{"rendered":"http:\/\/outlines.fi\/kauppa\/?page_id=83"},"modified":"2020-03-28T07:41:12","modified_gmt":"2020-03-28T05:41:12","slug":"tietosuoja","status":"publish","type":"page","link":"https:\/\/outlines.fi\/en\/tietosuoja\/","title":{"rendered":"Data protection"},"content":{"rendered":"<p><strong>Rekisteriseloste<\/strong><\/p>\n<p>Henkil\u00f6tietolaki (523\/99) 10 \u00a7<\/p>\n<p><strong>1. Rekisterinpit\u00e4j\u00e4<\/strong><\/p>\n<p>Outlines Artwork<br \/>\nKukkosenkatu 6<br \/>\n94600 Kemi<br \/>\nY-tunnus: 2742313-4<\/p>\n<p>posti(a)outlines.fi<\/p>\n<p><strong>2. Rekisteriasioista vastaava henkil\u00f6<\/strong><\/p>\n<p>Outlines Artwork<br \/>\nPauli Maronen<\/p>\n<p><strong>3. Rekisterin nimi<\/strong><\/p>\n<p>Outlines Artwork\u00a0-asiakasrekisteri<\/p>\n<p><strong>4. Henkil\u00f6tietojen k\u00e4sittelyn tarkoitus<\/strong><\/p>\n<p>Asiakkaan henkil\u00f6tietoja voidaan k\u00e4sitell\u00e4 seuraavia tarkoituksia varten:<\/p>\n<ul>\n<li>verkkokaupan tilausten k\u00e4sittely<\/li>\n<li>asiakassuhteiden hoitaminen<\/li>\n<li>s\u00e4hk\u00f6postimarkkinointi (valinnainen)<\/li>\n<\/ul>\n<p><strong>5. Rekisterin tietosis\u00e4lt\u00f6<\/strong><\/p>\n<p>Rekisteri voi sis\u00e4lt\u00e4\u00e4 seuraavia tietoja:<\/p>\n<ul>\n<li>nimi<\/li>\n<li>s\u00e4hk\u00f6postiosoite<\/li>\n<li>osoitetiedot (katuosoite, huoneiston\/talon\/rapun numero)<\/li>\n<li>postinumero ja postitoimipaikka<\/li>\n<li>syntym\u00e4aika (ei pakollinen)<\/li>\n<li>puhelinnumero (ei pakollinen)<\/li>\n<li>yrityksen nimi (ei pakollinen)<\/li>\n<li>asiakkuuteen liittyv\u00e4t tiedot, kuten tilaushistoria<\/li>\n<\/ul>\n<p><strong>6. S\u00e4\u00e4nn\u00f6nmukaiset tietol\u00e4hteet<\/strong><\/p>\n<p>Asiakkaan oma ilmoitus, Outlines Artwork:in tilausj\u00e4rjestelm\u00e4 sek\u00e4 mahdolliset Suomen lainmukaiset asiakastietojen ostot ulkopuolisilta tahoilta.<\/p>\n<p><strong>7. S\u00e4\u00e4nn\u00f6nmukaiset tietojen luovutukset ja tietojen siirto EU:n tai Euroopan talousalueen ulkopuolelle<\/strong><\/p>\n<p>Tietoja ei luovuteta EU\/ETA-maiden ulkopuolelle.<\/p>\n<p><strong>8. Rekisterin suojauksen periaatteet<\/strong><\/p>\n<p>Manuaalinen aineisto s\u00e4ilytet\u00e4\u00e4n lukitussa ja elektronisesti suojatussa tilassa. ATK-pohjainen j\u00e4rjestelm\u00e4 s\u00e4ilytet\u00e4\u00e4n lukitussa tilassa, joka on suojattu palomuuri-, k\u00e4ytt\u00e4j\u00e4tunnus- ja salasanasuojauksin.<\/p>\n<p>Tietoja v\u00e4litet\u00e4\u00e4n sek\u00e4 sis\u00e4isesti ett\u00e4 ulkoisesti seuraaville ryhmille:<\/p>\n<ul>\n<li>Niille yrityksen henkil\u00f6ille, jotka tarvitsevat tietoja ty\u00f6teht\u00e4viens\u00e4 hoitamiseen.<\/li>\n<li>Viranomaisille lain edellytt\u00e4m\u00e4ll\u00e4 tavalla (esimerkiksi sosiaali- ja veroviranomaisille)<\/li>\n<li>Tilausten k\u00e4sittelyn ja asiakassuhteen hoitamisen kannalta v\u00e4ltt\u00e4m\u00e4tt\u00f6mille yhteisty\u00f6kumppaneille ja alihankkijoille (esim. tilausten maksamiseen ja toimittamiseen liittyv\u00e4t tahot).<\/li>\n<\/ul>\n<p>Rekisterin sis\u00e4lt\u00e4miin tietoihin p\u00e4\u00e4sev\u00e4t ja niit\u00e4 ovat oikeutettuja k\u00e4ytt\u00e4m\u00e4\u00e4n ainoastaan sellaiset rekisterinpit\u00e4j\u00e4n ennalta m\u00e4\u00e4ritellyt ty\u00f6ntekij\u00e4t, joiden toimenkuvaan tietojen k\u00e4sitteleminen kuuluu. N\u00e4it\u00e4 ty\u00f6ntekij\u00f6it\u00e4 sitoo salassapitovelvollisuus.<\/p>\n<p><strong>9. Tarkastusoikeus ja tarkastusoikeuden toteuttaminen<\/strong><\/p>\n<p>Rekister\u00f6idyill\u00e4 henkil\u00f6ill\u00e4 on oikeus tarkastaa rekisteriin tallennetut itse\u00e4\u00e4n koskevat tiedot ja saada niist\u00e4 my\u00f6s kopiot. Tarkastuspyynt\u00f6 tulee tehd\u00e4 kirjallisesti ja allekirjoittaa. Tarkastuspyynt\u00f6 tulee toimittaa rekisteriasioista vastaavalle yritykselle.<\/p>\n<p><strong>10. Tiedon korjaaminen ja tiedon korjaamisen toteuttaminen<\/strong><\/p>\n<p>Rekister\u00f6idyll\u00e4 on oikeus vaatia rekisteriss\u00e4 olevan virheellisen tiedon korjaamista. Korjaamispyynt\u00f6 on teht\u00e4v\u00e4 kirjallisesti ja riitt\u00e4v\u00e4n yksil\u00f6idysti. Tiedonkorjaamispyynn\u00f6t osoitetaan kirjallisesti rekisteriasioista vastaavalle yritykselle.<\/p>\n<p><strong>11. Kielto-oikeus<\/strong><\/p>\n<p>Rekister\u00f6idyll\u00e4 on oikeus kielt\u00e4\u00e4 rekisterinpit\u00e4j\u00e4\u00e4 k\u00e4sittelem\u00e4st\u00e4 h\u00e4nt\u00e4 itse\u00e4\u00e4n koskevia tietoja suoramainontaa, et\u00e4myynti\u00e4 ja muuta suoramarkkinointia sek\u00e4 markkina- ja mielipidetutkimusta sek\u00e4 sukututkimusta varten. Kielto osoitetaan kirjallisesti rekisteriasioista vastaavalle yritykselle.<\/p>","protected":false},"excerpt":{"rendered":"<p>Rekisteriseloste Henkil\u00f6tietolaki (523\/99) 10 \u00a7 1. Rekisterinpit\u00e4j\u00e4 Outlines Artwork Kukkosenkatu 6 94600 Kemi Y-tunnus: 2742313-4 posti(a)outlines.fi 2. Rekisteriasioista vastaava henkil\u00f6 Outlines Artwork Pauli Maronen 3. Rekisterin nimi Outlines Artwork\u00a0-asiakasrekisteri 4. Henkil\u00f6tietojen k\u00e4sittelyn tarkoitus Asiakkaan henkil\u00f6tietoja voidaan k\u00e4sitell\u00e4 seuraavia tarkoituksia varten: verkkokaupan tilausten k\u00e4sittely asiakassuhteiden hoitaminen s\u00e4hk\u00f6postimarkkinointi (valinnainen) 5. Rekisterin tietosis\u00e4lt\u00f6 Rekisteri voi sis\u00e4lt\u00e4\u00e4 seuraavia tietoja: [&hellip;]<\/p>","protected":false},"author":1,"featured_media":0,"parent":0,"menu_order":0,"comment_status":"closed","ping_status":"closed","template":"","meta":{"footnotes":""},"class_list":["post-83","page","type-page","status-publish","hentry"],"_links":{"self":[{"href":"https:\/\/outlines.fi\/en\/wp-json\/wp\/v2\/pages\/83","targetHints":{"allow":["GET"]}}],"collection":[{"href":"https:\/\/outlines.fi\/en\/wp-json\/wp\/v2\/pages"}],"about":[{"href":"https:\/\/outlines.fi\/en\/wp-json\/wp\/v2\/types\/page"}],"author":[{"embeddable":true,"href":"https:\/\/outlines.fi\/en\/wp-json\/wp\/v2\/users\/1"}],"replies":[{"embeddable":true,"href":"https:\/\/outlines.fi\/en\/wp-json\/wp\/v2\/comments?post=83"}],"version-history":[{"count":3,"href":"https:\/\/outlines.fi\/en\/wp-json\/wp\/v2\/pages\/83\/revisions"}],"predecessor-version":[{"id":11208,"href":"https:\/\/outlines.fi\/en\/wp-json\/wp\/v2\/pages\/83\/revisions\/11208"}],"wp:attachment":[{"href":"https:\/\/outlines.fi\/en\/wp-json\/wp\/v2\/media?parent=83"}],"curies":[{"name":"wp","href":"https:\/\/api.w.org\/{rel}","templated":true}]}}