{"id":10004,"date":"2020-02-10T06:14:21","date_gmt":"2020-02-10T04:14:21","guid":{"rendered":"https:\/\/outlines.fi\/kauppa\/tuote\/kemilaine-kaarilogo\/"},"modified":"2024-03-16T10:03:59","modified_gmt":"2024-03-16T08:03:59","slug":"kaarilogo-t-paita","status":"publish","type":"product","link":"https:\/\/outlines.fi\/en\/product\/kaarilogo-t-paita\/","title":{"rendered":"Kaarilogo -t-paita"},"content":{"rendered":"<p>Mist\u00e4 tunnistaa kemil\u00e4isen? No tietenkin paijasta! T\u00e4ss\u00e4 uudella old gold kaarilogo printill\u00e4 varustettu kemil\u00e4ine t-paita.<br \/>\n\u2022 100% puuvillaa<br \/>\n\u2022 Kankaan paino 153 g\/m\u00b2<br \/>\n\u2022 Esikutistettu<br \/>\n\u2022 Nelj\u00e4nnes k\u00e4\u00e4nnetty, jotta v\u00e4ltet\u00e4\u00e4n rypistyminen keskelt\u00e4<\/p>\n<p>Tilaustuote. Normaali toimitusaika on 5-20 arkip\u00e4iv\u00e4\u00e4.<\/p>","protected":false},"excerpt":{"rendered":"<p>Mist\u00e4 tunnistaa kemil\u00e4isen? No tietenkin paijasta! T\u00e4ss\u00e4 uudella old gold kaarilogo printill\u00e4 varustettu kemil\u00e4ine t-paita. \u2022 100% puuvillaa \u2022 Kankaan paino 153 g\/m\u00b2 \u2022 Esikutistettu \u2022 Nelj\u00e4nnes k\u00e4\u00e4nnetty, jotta v\u00e4ltet\u00e4\u00e4n rypistyminen keskelt\u00e4 Tilaustuote. Normaali toimitusaika on 5-20 arkip\u00e4iv\u00e4\u00e4.<\/p>","protected":false},"featured_media":10012,"comment_status":"closed","ping_status":"closed","template":"","meta":[],"product_brand":[],"product_cat":[9,38],"product_tag":[83,81,93,22,92,82,94,80],"class_list":{"0":"post-10004","1":"product","2":"type-product","3":"status-publish","4":"has-post-thumbnail","6":"product_cat-kemilaine","7":"product_cat-t-paidat","8":"product_tag-kaarilogo","9":"product_tag-kemi","10":"product_tag-kemi-paita","11":"product_tag-kemilaine","12":"product_tag-kemipaita","13":"product_tag-original","14":"product_tag-paikallinen","15":"product_tag-tpaita","16":"product_shipping_class-printful-t-shirt","17":"pa_tuotemerkki-kemilaine","19":"first","20":"instock","21":"taxable","22":"shipping-taxable","23":"purchasable","24":"product-type-variable","25":"has-default-attributes"},"_links":{"self":[{"href":"https:\/\/outlines.fi\/en\/wp-json\/wp\/v2\/product\/10004","targetHints":{"allow":["GET"]}}],"collection":[{"href":"https:\/\/outlines.fi\/en\/wp-json\/wp\/v2\/product"}],"about":[{"href":"https:\/\/outlines.fi\/en\/wp-json\/wp\/v2\/types\/product"}],"replies":[{"embeddable":true,"href":"https:\/\/outlines.fi\/en\/wp-json\/wp\/v2\/comments?post=10004"}],"wp:featuredmedia":[{"embeddable":true,"href":"https:\/\/outlines.fi\/en\/wp-json\/wp\/v2\/media\/10012"}],"wp:attachment":[{"href":"https:\/\/outlines.fi\/en\/wp-json\/wp\/v2\/media?parent=10004"}],"wp:term":[{"taxonomy":"product_brand","embeddable":true,"href":"https:\/\/outlines.fi\/en\/wp-json\/wp\/v2\/product_brand?post=10004"},{"taxonomy":"product_cat","embeddable":true,"href":"https:\/\/outlines.fi\/en\/wp-json\/wp\/v2\/product_cat?post=10004"},{"taxonomy":"product_tag","embeddable":true,"href":"https:\/\/outlines.fi\/en\/wp-json\/wp\/v2\/product_tag?post=10004"}],"curies":[{"name":"wp","href":"https:\/\/api.w.org\/{rel}","templated":true}]}}