{"id":10265,"date":"2020-02-12T18:23:12","date_gmt":"2020-02-12T16:23:12","guid":{"rendered":"https:\/\/outlines.fi\/kauppa\/tuote\/cuffed-beanie\/"},"modified":"2023-11-26T12:28:10","modified_gmt":"2023-11-26T10:28:10","slug":"heavy-metal-thunder-pipo","status":"publish","type":"product","link":"https:\/\/outlines.fi\/en\/product\/heavy-metal-thunder-pipo\/","title":{"rendered":"Heavy Metal Thunder -pipo"},"content":{"rendered":"<p>Uusi brodeerattu Heavy Metal henkinen KEMIL\u00c4INE logo.<br \/>\nTiukka, muodoltaan istuva pipo.<\/p>\n<p>100% turboakryyli<br \/>\nnoin 30cm pitk\u00e4<\/p>\n<p>Tilaustuote. Normaali toimitusaika on 5-20 arkip\u00e4iv\u00e4\u00e4.<\/p>","protected":false},"excerpt":{"rendered":"<p>Uusi brodeerattu Heavy Metal henkinen KEMIL\u00c4INE logo. Tiukka, muodoltaan istuva pipo. 100% turboakryyli noin 30cm pitk\u00e4 Tilaustuote. Normaali toimitusaika on 5-20 arkip\u00e4iv\u00e4\u00e4.<\/p>","protected":false},"featured_media":10266,"comment_status":"closed","ping_status":"closed","template":"","meta":[],"product_brand":[],"product_cat":[9,41],"product_tag":[78,81,93,22,92,82,94,79,80],"class_list":{"0":"post-10265","1":"product","2":"type-product","3":"status-publish","4":"has-post-thumbnail","6":"product_cat-kemilaine","7":"product_cat-paahineet","8":"product_tag-heavymetal","9":"product_tag-kemi","10":"product_tag-kemi-paita","11":"product_tag-kemilaine","12":"product_tag-kemipaita","13":"product_tag-original","14":"product_tag-paikallinen","15":"product_tag-thunder","16":"product_tag-tpaita","17":"product_shipping_class-printful-hat","18":"pa_tuotemerkki-kemilaine","20":"first","21":"instock","22":"taxable","23":"shipping-taxable","24":"purchasable","25":"product-type-variable","26":"has-default-attributes"},"_links":{"self":[{"href":"https:\/\/outlines.fi\/en\/wp-json\/wp\/v2\/product\/10265","targetHints":{"allow":["GET"]}}],"collection":[{"href":"https:\/\/outlines.fi\/en\/wp-json\/wp\/v2\/product"}],"about":[{"href":"https:\/\/outlines.fi\/en\/wp-json\/wp\/v2\/types\/product"}],"replies":[{"embeddable":true,"href":"https:\/\/outlines.fi\/en\/wp-json\/wp\/v2\/comments?post=10265"}],"wp:featuredmedia":[{"embeddable":true,"href":"https:\/\/outlines.fi\/en\/wp-json\/wp\/v2\/media\/10266"}],"wp:attachment":[{"href":"https:\/\/outlines.fi\/en\/wp-json\/wp\/v2\/media?parent=10265"}],"wp:term":[{"taxonomy":"product_brand","embeddable":true,"href":"https:\/\/outlines.fi\/en\/wp-json\/wp\/v2\/product_brand?post=10265"},{"taxonomy":"product_cat","embeddable":true,"href":"https:\/\/outlines.fi\/en\/wp-json\/wp\/v2\/product_cat?post=10265"},{"taxonomy":"product_tag","embeddable":true,"href":"https:\/\/outlines.fi\/en\/wp-json\/wp\/v2\/product_tag?post=10265"}],"curies":[{"name":"wp","href":"https:\/\/api.w.org\/{rel}","templated":true}]}}