{"id":10688,"date":"2020-02-18T07:32:34","date_gmt":"2020-02-18T05:32:34","guid":{"rendered":"https:\/\/outlines.fi\/kauppa\/tuote\/mug-with-color-inside\/"},"modified":"2023-11-26T12:29:25","modified_gmt":"2023-11-26T10:29:25","slug":"heavy-metal-thunder-kemi-kahavikuppi","status":"publish","type":"product","link":"https:\/\/outlines.fi\/en\/product\/heavy-metal-thunder-kemi-kahavikuppi\/","title":{"rendered":"Heavy Metal Thunder Kemi kahavikuppi"},"content":{"rendered":"<p>T\u00e4ss\u00e4 kahavikupissa ei kahavi v\u00e4ltt\u00e4m\u00e4tt\u00e4 maistu sen kummemalta, mutta toimii erinomaisena j\u00e4\u00e4nmurtajana kahavip\u00f6yt\u00e4keskusteluissa. Kahavikuppi on my\u00f6s varma tapa her\u00e4tt\u00e4\u00e4 huomiota Torniossa.<\/p>\n<p>\u2022 Keraaminen<br \/>\n\u2022 Korkeus: 9.8 cm<br \/>\n\u2022 Halkaisija: 8.5 cm<br \/>\n\u2022 Kest\u00e4\u00e4 konepesun ja voi l\u00e4mmitt\u00e4\u00e4 mikrossa.<\/p>\n<p>Tilaustuote. Normaali toimitusaika on 5-20 arkip\u00e4iv\u00e4\u00e4.<\/p>","protected":false},"excerpt":{"rendered":"<p>T\u00e4ss\u00e4 kahavikupissa ei kahavi v\u00e4ltt\u00e4m\u00e4tt\u00e4 maistu sen kummemalta, mutta toimii erinomaisena j\u00e4\u00e4nmurtajana kahavip\u00f6yt\u00e4keskusteluissa. Kahavikuppi on my\u00f6s varma tapa her\u00e4tt\u00e4\u00e4 huomiota Torniossa. \u2022 Keraaminen \u2022 Korkeus: 9.8 cm \u2022 Halkaisija: 8.5 cm \u2022 Kest\u00e4\u00e4 konepesun ja voi l\u00e4mmitt\u00e4\u00e4 mikrossa. Tilaustuote. Normaali toimitusaika on 5-20 arkip\u00e4iv\u00e4\u00e4.<\/p>","protected":false},"featured_media":10691,"comment_status":"closed","ping_status":"closed","template":"","meta":[],"product_brand":[],"product_cat":[9,40],"product_tag":[78,81,93,22,92,87,82,94,79],"class_list":{"0":"post-10688","1":"product","2":"type-product","3":"status-publish","4":"has-post-thumbnail","6":"product_cat-kemilaine","7":"product_cat-muut-tuotteet","8":"product_tag-heavymetal","9":"product_tag-kemi","10":"product_tag-kemi-paita","11":"product_tag-kemilaine","12":"product_tag-kemipaita","13":"product_tag-muki","14":"product_tag-original","15":"product_tag-paikallinen","16":"product_tag-thunder","17":"product_shipping_class-printful-mug","18":"pa_tuotemerkki-kemilaine","20":"first","21":"instock","22":"taxable","23":"shipping-taxable","24":"purchasable","25":"product-type-simple"},"_links":{"self":[{"href":"https:\/\/outlines.fi\/en\/wp-json\/wp\/v2\/product\/10688","targetHints":{"allow":["GET"]}}],"collection":[{"href":"https:\/\/outlines.fi\/en\/wp-json\/wp\/v2\/product"}],"about":[{"href":"https:\/\/outlines.fi\/en\/wp-json\/wp\/v2\/types\/product"}],"replies":[{"embeddable":true,"href":"https:\/\/outlines.fi\/en\/wp-json\/wp\/v2\/comments?post=10688"}],"wp:featuredmedia":[{"embeddable":true,"href":"https:\/\/outlines.fi\/en\/wp-json\/wp\/v2\/media\/10691"}],"wp:attachment":[{"href":"https:\/\/outlines.fi\/en\/wp-json\/wp\/v2\/media?parent=10688"}],"wp:term":[{"taxonomy":"product_brand","embeddable":true,"href":"https:\/\/outlines.fi\/en\/wp-json\/wp\/v2\/product_brand?post=10688"},{"taxonomy":"product_cat","embeddable":true,"href":"https:\/\/outlines.fi\/en\/wp-json\/wp\/v2\/product_cat?post=10688"},{"taxonomy":"product_tag","embeddable":true,"href":"https:\/\/outlines.fi\/en\/wp-json\/wp\/v2\/product_tag?post=10688"}],"curies":[{"name":"wp","href":"https:\/\/api.w.org\/{rel}","templated":true}]}}