{"id":11199,"date":"2020-03-27T22:04:07","date_gmt":"2020-03-27T20:04:07","guid":{"rendered":"https:\/\/outlines.fi\/kauppa\/short-sleeve-unisex-t-shirt\/"},"modified":"2024-03-16T10:03:54","modified_gmt":"2024-03-16T08:03:54","slug":"outlines-merchandise-t-paita","status":"publish","type":"product","link":"https:\/\/outlines.fi\/en\/product\/outlines-merchandise-t-paita\/","title":{"rendered":"Outlines Merchandise t-paita"},"content":{"rendered":"<p>Outlines Merchandise t-paita<br \/>\n\u2022 100% puuvillaa<br \/>\n\u2022 Kankaan paino 153 g\/m\u00b2<br \/>\n\u2022 Esikutistettu<br \/>\n\u2022 Nelj\u00e4nnes k\u00e4\u00e4nnetty, jotta v\u00e4ltet\u00e4\u00e4n rypistyminen keskelt\u00e4<\/p>\n<p>Tilaustuote. Normaali toimitusaika on 5-20 arkip\u00e4iv\u00e4\u00e4.<\/p>","protected":false},"excerpt":{"rendered":"<p>Outlines Merchandise t-paita \u2022 100% puuvillaa \u2022 Kankaan paino 153 g\/m\u00b2 \u2022 Esikutistettu \u2022 Nelj\u00e4nnes k\u00e4\u00e4nnetty, jotta v\u00e4ltet\u00e4\u00e4n rypistyminen keskelt\u00e4 Tilaustuote. Normaali toimitusaika on 5-20 arkip\u00e4iv\u00e4\u00e4.<\/p>","protected":false},"featured_media":11206,"comment_status":"closed","ping_status":"closed","template":"","meta":[],"product_brand":[],"product_cat":[49,38],"product_tag":[],"class_list":{"0":"post-11199","1":"product","2":"type-product","3":"status-publish","4":"has-post-thumbnail","6":"product_cat-outlines-merchandise","7":"product_cat-t-paidat","8":"product_shipping_class-printful-t-shirt","9":"pa_tuotemerkki-outlines-merchandise","11":"first","12":"instock","13":"taxable","14":"shipping-taxable","15":"purchasable","16":"product-type-variable","17":"has-default-attributes"},"_links":{"self":[{"href":"https:\/\/outlines.fi\/en\/wp-json\/wp\/v2\/product\/11199","targetHints":{"allow":["GET"]}}],"collection":[{"href":"https:\/\/outlines.fi\/en\/wp-json\/wp\/v2\/product"}],"about":[{"href":"https:\/\/outlines.fi\/en\/wp-json\/wp\/v2\/types\/product"}],"replies":[{"embeddable":true,"href":"https:\/\/outlines.fi\/en\/wp-json\/wp\/v2\/comments?post=11199"}],"wp:featuredmedia":[{"embeddable":true,"href":"https:\/\/outlines.fi\/en\/wp-json\/wp\/v2\/media\/11206"}],"wp:attachment":[{"href":"https:\/\/outlines.fi\/en\/wp-json\/wp\/v2\/media?parent=11199"}],"wp:term":[{"taxonomy":"product_brand","embeddable":true,"href":"https:\/\/outlines.fi\/en\/wp-json\/wp\/v2\/product_brand?post=11199"},{"taxonomy":"product_cat","embeddable":true,"href":"https:\/\/outlines.fi\/en\/wp-json\/wp\/v2\/product_cat?post=11199"},{"taxonomy":"product_tag","embeddable":true,"href":"https:\/\/outlines.fi\/en\/wp-json\/wp\/v2\/product_tag?post=11199"}],"curies":[{"name":"wp","href":"https:\/\/api.w.org\/{rel}","templated":true}]}}