{"id":11697,"date":"2020-05-30T18:56:12","date_gmt":"2020-05-30T15:56:12","guid":{"rendered":"https:\/\/outlines.fi\/?post_type=product&#038;p=11697"},"modified":"2023-09-21T21:33:42","modified_gmt":"2023-09-21T18:33:42","slug":"roisto-v-vinyli","status":"publish","type":"product","link":"https:\/\/outlines.fi\/en\/product\/roisto-v-vinyli\/","title":{"rendered":"Roisto V vinyli"},"content":{"rendered":"<p>Roisto V vinyyli<\/p>\n<p>A-puoli<\/p>\n<ol>\n<li>Valas<\/li>\n<li>T\u00e4m\u00e4n p\u00e4iv\u00e4n tarinat<\/li>\n<li>Min\u00e4 sin\u00e4<\/li>\n<li>P\u00e4iv\u00e4 ja y\u00f6<\/li>\n<li>Koko el\u00e4m\u00e4n korkuinen<\/li>\n<\/ol>\n<p>B-puoli<\/p>\n<ol>\n<li>Timantti<\/li>\n<li>Kellot<\/li>\n<li>Apina 11<\/li>\n<li>Lakaisija<\/li>\n<li>Tulivuori<\/li>\n<\/ol>","protected":false},"excerpt":{"rendered":"<p>Roisto V vinyyli A-puoli Valas T\u00e4m\u00e4n p\u00e4iv\u00e4n tarinat Min\u00e4 sin\u00e4 P\u00e4iv\u00e4 ja y\u00f6 Koko el\u00e4m\u00e4n korkuinen B-puoli Timantti Kellot Apina 11 Lakaisija Tulivuori<\/p>","protected":false},"featured_media":11698,"comment_status":"closed","ping_status":"closed","template":"","meta":[],"product_brand":[],"product_cat":[33],"product_tag":[],"class_list":{"0":"post-11697","1":"product","2":"type-product","3":"status-publish","4":"has-post-thumbnail","6":"product_cat-uncategorized","7":"product_shipping_class-vinyyli","9":"first","10":"instock","11":"taxable","12":"shipping-taxable","13":"purchasable","14":"product-type-simple"},"_links":{"self":[{"href":"https:\/\/outlines.fi\/en\/wp-json\/wp\/v2\/product\/11697","targetHints":{"allow":["GET"]}}],"collection":[{"href":"https:\/\/outlines.fi\/en\/wp-json\/wp\/v2\/product"}],"about":[{"href":"https:\/\/outlines.fi\/en\/wp-json\/wp\/v2\/types\/product"}],"replies":[{"embeddable":true,"href":"https:\/\/outlines.fi\/en\/wp-json\/wp\/v2\/comments?post=11697"}],"wp:featuredmedia":[{"embeddable":true,"href":"https:\/\/outlines.fi\/en\/wp-json\/wp\/v2\/media\/11698"}],"wp:attachment":[{"href":"https:\/\/outlines.fi\/en\/wp-json\/wp\/v2\/media?parent=11697"}],"wp:term":[{"taxonomy":"product_brand","embeddable":true,"href":"https:\/\/outlines.fi\/en\/wp-json\/wp\/v2\/product_brand?post=11697"},{"taxonomy":"product_cat","embeddable":true,"href":"https:\/\/outlines.fi\/en\/wp-json\/wp\/v2\/product_cat?post=11697"},{"taxonomy":"product_tag","embeddable":true,"href":"https:\/\/outlines.fi\/en\/wp-json\/wp\/v2\/product_tag?post=11697"}],"curies":[{"name":"wp","href":"https:\/\/api.w.org\/{rel}","templated":true}]}}