{"id":11701,"date":"2020-05-30T19:07:03","date_gmt":"2020-05-30T16:07:03","guid":{"rendered":"https:\/\/outlines.fi\/?post_type=product&#038;p=11701"},"modified":"2023-09-21T21:33:41","modified_gmt":"2023-09-21T18:33:41","slug":"roisto-v-cd","status":"publish","type":"product","link":"https:\/\/outlines.fi\/en\/product\/roisto-v-cd\/","title":{"rendered":"Roisto V cd"},"content":{"rendered":"<p>Roisto V cd<\/p>\n<ol>\n<li>Valas<\/li>\n<li>T\u00e4m\u00e4n p\u00e4iv\u00e4n tarinat<\/li>\n<li>Min\u00e4 sin\u00e4<\/li>\n<li>P\u00e4iv\u00e4 ja y\u00f6<\/li>\n<li>Koko el\u00e4m\u00e4n korkuinen<\/li>\n<li>Timantti<\/li>\n<li>Kellot<\/li>\n<li>Apina 11<\/li>\n<li>Lakaisija<\/li>\n<li>Tulivuori<\/li>\n<\/ol>","protected":false},"excerpt":{"rendered":"<p>Roisto V cd Valas T\u00e4m\u00e4n p\u00e4iv\u00e4n tarinat Min\u00e4 sin\u00e4 P\u00e4iv\u00e4 ja y\u00f6 Koko el\u00e4m\u00e4n korkuinen Timantti Kellot Apina 11 Lakaisija Tulivuori<\/p>","protected":false},"featured_media":11702,"comment_status":"closed","ping_status":"closed","template":"","meta":[],"product_brand":[],"product_cat":[33],"product_tag":[],"class_list":{"0":"post-11701","1":"product","2":"type-product","3":"status-publish","4":"has-post-thumbnail","6":"product_cat-uncategorized","7":"product_shipping_class-kirje","9":"first","10":"instock","11":"taxable","12":"shipping-taxable","13":"purchasable","14":"product-type-simple"},"_links":{"self":[{"href":"https:\/\/outlines.fi\/en\/wp-json\/wp\/v2\/product\/11701","targetHints":{"allow":["GET"]}}],"collection":[{"href":"https:\/\/outlines.fi\/en\/wp-json\/wp\/v2\/product"}],"about":[{"href":"https:\/\/outlines.fi\/en\/wp-json\/wp\/v2\/types\/product"}],"replies":[{"embeddable":true,"href":"https:\/\/outlines.fi\/en\/wp-json\/wp\/v2\/comments?post=11701"}],"wp:featuredmedia":[{"embeddable":true,"href":"https:\/\/outlines.fi\/en\/wp-json\/wp\/v2\/media\/11702"}],"wp:attachment":[{"href":"https:\/\/outlines.fi\/en\/wp-json\/wp\/v2\/media?parent=11701"}],"wp:term":[{"taxonomy":"product_brand","embeddable":true,"href":"https:\/\/outlines.fi\/en\/wp-json\/wp\/v2\/product_brand?post=11701"},{"taxonomy":"product_cat","embeddable":true,"href":"https:\/\/outlines.fi\/en\/wp-json\/wp\/v2\/product_cat?post=11701"},{"taxonomy":"product_tag","embeddable":true,"href":"https:\/\/outlines.fi\/en\/wp-json\/wp\/v2\/product_tag?post=11701"}],"curies":[{"name":"wp","href":"https:\/\/api.w.org\/{rel}","templated":true}]}}