{"id":11968,"date":"2020-07-13T20:03:04","date_gmt":"2020-07-13T17:03:04","guid":{"rendered":"https:\/\/outlines.fi\/free-heart-logo-pipo\/"},"modified":"2023-11-26T12:28:09","modified_gmt":"2023-11-26T10:28:09","slug":"free-heart-logo-pipo","status":"publish","type":"product","link":"https:\/\/outlines.fi\/en\/product\/free-heart-logo-pipo\/","title":{"rendered":"Free Heart logo pipo"},"content":{"rendered":"<p>Free Heart pipo<br \/>\nTiukka, muodoltaan istuva pipo.<\/p>\n<p>100% turboakryyli<br \/>\nnoin 30cm pitk\u00e4<\/p>\n<p>Tilaustuote. Normaali toimitusaika on 5-20 arkip\u00e4iv\u00e4\u00e4.<\/p>","protected":false},"excerpt":{"rendered":"<p>Free Heart pipo Tiukka, muodoltaan istuva pipo. 100% turboakryyli noin 30cm pitk\u00e4 Tilaustuote. Normaali toimitusaika on 5-20 arkip\u00e4iv\u00e4\u00e4.<\/p>","protected":false},"featured_media":11971,"comment_status":"closed","ping_status":"closed","template":"","meta":[],"product_brand":[],"product_cat":[100,41],"product_tag":[],"class_list":{"0":"post-11968","1":"product","2":"type-product","3":"status-publish","4":"has-post-thumbnail","6":"product_cat-free-heart","7":"product_cat-paahineet","8":"product_shipping_class-printful-hat","10":"first","11":"instock","12":"taxable","13":"shipping-taxable","14":"purchasable","15":"product-type-variable","16":"has-default-attributes"},"_links":{"self":[{"href":"https:\/\/outlines.fi\/en\/wp-json\/wp\/v2\/product\/11968","targetHints":{"allow":["GET"]}}],"collection":[{"href":"https:\/\/outlines.fi\/en\/wp-json\/wp\/v2\/product"}],"about":[{"href":"https:\/\/outlines.fi\/en\/wp-json\/wp\/v2\/types\/product"}],"replies":[{"embeddable":true,"href":"https:\/\/outlines.fi\/en\/wp-json\/wp\/v2\/comments?post=11968"}],"wp:featuredmedia":[{"embeddable":true,"href":"https:\/\/outlines.fi\/en\/wp-json\/wp\/v2\/media\/11971"}],"wp:attachment":[{"href":"https:\/\/outlines.fi\/en\/wp-json\/wp\/v2\/media?parent=11968"}],"wp:term":[{"taxonomy":"product_brand","embeddable":true,"href":"https:\/\/outlines.fi\/en\/wp-json\/wp\/v2\/product_brand?post=11968"},{"taxonomy":"product_cat","embeddable":true,"href":"https:\/\/outlines.fi\/en\/wp-json\/wp\/v2\/product_cat?post=11968"},{"taxonomy":"product_tag","embeddable":true,"href":"https:\/\/outlines.fi\/en\/wp-json\/wp\/v2\/product_tag?post=11968"}],"curies":[{"name":"wp","href":"https:\/\/api.w.org\/{rel}","templated":true}]}}