{"id":12098,"date":"2023-08-14T11:48:35","date_gmt":"2023-08-14T08:48:35","guid":{"rendered":"https:\/\/outlines.fi\/tuote\/rusty-nails-2\/"},"modified":"2024-03-16T10:03:34","modified_gmt":"2024-03-16T08:03:34","slug":"rusty-nails-2","status":"publish","type":"product","link":"https:\/\/outlines.fi\/en\/product\/rusty-nails-2\/","title":{"rendered":"Rusty Nails"},"content":{"rendered":"<p>Nothing last forever<br \/>\n\u2022 100% puuvillaa<br \/>\n\u2022 Kankaan paino 153 g\/m\u00b2<br \/>\n\u2022 Esikutistettu<br \/>\n\u2022 Nelj\u00e4nnes k\u00e4\u00e4nnetty, jotta v\u00e4ltet\u00e4\u00e4n rypistyminen keskelt\u00e4<br \/>\nKoot: S-3XL<\/p>","protected":false},"excerpt":{"rendered":"<p>Nothing last forever \u2022 100% puuvillaa \u2022 Kankaan paino 153 g\/m\u00b2 \u2022 Esikutistettu \u2022 Nelj\u00e4nnes k\u00e4\u00e4nnetty, jotta v\u00e4ltet\u00e4\u00e4n rypistyminen keskelt\u00e4 Koot: S-3XL<\/p>","protected":false},"featured_media":12113,"comment_status":"closed","ping_status":"closed","template":"","meta":[],"product_brand":[],"product_cat":[98,38],"product_tag":[],"class_list":{"0":"post-12098","1":"product","2":"type-product","3":"status-publish","4":"has-post-thumbnail","6":"product_cat-karu-pohjoinen","7":"product_cat-t-paidat","8":"product_shipping_class-printful-t-shirt","10":"first","11":"instock","12":"taxable","13":"shipping-taxable","14":"purchasable","15":"product-type-variable","16":"has-default-attributes"},"_links":{"self":[{"href":"https:\/\/outlines.fi\/en\/wp-json\/wp\/v2\/product\/12098","targetHints":{"allow":["GET"]}}],"collection":[{"href":"https:\/\/outlines.fi\/en\/wp-json\/wp\/v2\/product"}],"about":[{"href":"https:\/\/outlines.fi\/en\/wp-json\/wp\/v2\/types\/product"}],"replies":[{"embeddable":true,"href":"https:\/\/outlines.fi\/en\/wp-json\/wp\/v2\/comments?post=12098"}],"wp:featuredmedia":[{"embeddable":true,"href":"https:\/\/outlines.fi\/en\/wp-json\/wp\/v2\/media\/12113"}],"wp:attachment":[{"href":"https:\/\/outlines.fi\/en\/wp-json\/wp\/v2\/media?parent=12098"}],"wp:term":[{"taxonomy":"product_brand","embeddable":true,"href":"https:\/\/outlines.fi\/en\/wp-json\/wp\/v2\/product_brand?post=12098"},{"taxonomy":"product_cat","embeddable":true,"href":"https:\/\/outlines.fi\/en\/wp-json\/wp\/v2\/product_cat?post=12098"},{"taxonomy":"product_tag","embeddable":true,"href":"https:\/\/outlines.fi\/en\/wp-json\/wp\/v2\/product_tag?post=12098"}],"curies":[{"name":"wp","href":"https:\/\/api.w.org\/{rel}","templated":true}]}}