{"id":12407,"date":"2023-09-06T17:32:50","date_gmt":"2023-09-06T14:32:50","guid":{"rendered":"https:\/\/outlines.fi\/tuote\/sana-logo\/"},"modified":"2024-03-16T10:03:23","modified_gmt":"2024-03-16T08:03:23","slug":"sana-logo","status":"publish","type":"product","link":"https:\/\/outlines.fi\/en\/product\/sana-logo\/","title":{"rendered":"T-paita Sana logolla"},"content":{"rendered":"<p>Sana -logo t-paita<br \/>\n100% rengaskehr\u00e4tty\u00e4 puuvillaa \u2022 Sport Grey on 90% rengaskehr\u00e4tty\u00e4 puuvillaa, 10% polyesteri\u00e4 \u2022 Dark Heather on 65% polyesteri\u00e4, 35% puuvillaa \u2022 4,5 oz\/yd\u00b2 (153 g\/m\u00b2) \u2022 Olka-olkap\u00e4\u00e4h\u00e4n nauhoitus \u2022 Nelj\u00e4nnesk\u00e4\u00e4nnetty v\u00e4ltt\u00e4m\u00e4\u00e4n taitosta keskell\u00e4 \u2022 Alkuper\u00e4inen, br\u00e4nd\u00e4\u00e4m\u00e4t\u00f6n tuote on hankittu seuraavista maista: Bangladesh, Nicaragua, Honduras, Dominikaaninen tasavalta, Haiti tai Guatemala.<\/p>","protected":false},"excerpt":{"rendered":"<p>Sana -logo t-paita<\/p>","protected":false},"featured_media":12416,"comment_status":"closed","ping_status":"closed","template":"","meta":[],"product_brand":[],"product_cat":[125,38],"product_tag":[],"class_list":{"0":"post-12407","1":"product","2":"type-product","3":"status-publish","4":"has-post-thumbnail","6":"product_cat-sana","7":"product_cat-t-paidat","8":"product_shipping_class-printful-t-shirt","10":"first","11":"instock","12":"taxable","13":"shipping-taxable","14":"purchasable","15":"product-type-variable","16":"has-default-attributes"},"_links":{"self":[{"href":"https:\/\/outlines.fi\/en\/wp-json\/wp\/v2\/product\/12407","targetHints":{"allow":["GET"]}}],"collection":[{"href":"https:\/\/outlines.fi\/en\/wp-json\/wp\/v2\/product"}],"about":[{"href":"https:\/\/outlines.fi\/en\/wp-json\/wp\/v2\/types\/product"}],"replies":[{"embeddable":true,"href":"https:\/\/outlines.fi\/en\/wp-json\/wp\/v2\/comments?post=12407"}],"wp:featuredmedia":[{"embeddable":true,"href":"https:\/\/outlines.fi\/en\/wp-json\/wp\/v2\/media\/12416"}],"wp:attachment":[{"href":"https:\/\/outlines.fi\/en\/wp-json\/wp\/v2\/media?parent=12407"}],"wp:term":[{"taxonomy":"product_brand","embeddable":true,"href":"https:\/\/outlines.fi\/en\/wp-json\/wp\/v2\/product_brand?post=12407"},{"taxonomy":"product_cat","embeddable":true,"href":"https:\/\/outlines.fi\/en\/wp-json\/wp\/v2\/product_cat?post=12407"},{"taxonomy":"product_tag","embeddable":true,"href":"https:\/\/outlines.fi\/en\/wp-json\/wp\/v2\/product_tag?post=12407"}],"curies":[{"name":"wp","href":"https:\/\/api.w.org\/{rel}","templated":true}]}}