{"id":12436,"date":"2023-09-06T19:36:40","date_gmt":"2023-09-06T16:36:40","guid":{"rendered":"https:\/\/outlines.fi\/tuote\/unisex-hoodie\/"},"modified":"2023-11-26T12:27:22","modified_gmt":"2023-11-26T10:27:22","slug":"unisex-hoodie","status":"publish","type":"product","link":"https:\/\/outlines.fi\/en\/product\/unisex-hoodie\/","title":{"rendered":"Kemil\u00e4ine huppari"},"content":{"rendered":"<p>Mist\u00e4 tunnistaa kemil\u00e4isen? No tietenkin paidasta! Anna hupparin puhua puolestasi ja n\u00e4yt\u00e4, ett\u00e4 olet ylpe\u00e4 juuristasi. Rinnassa KEMIL\u00c4INE-kaarilogo. Sel\u00e4ss\u00e4 original KEMIL\u00c4INE -logo. Hihoissa painatukset: KEMIL\u00c4INE ja EI SE SIIT\u00c4.<\/p>\n<p>Tuotetiedot:<br \/>\n\u2022 100% puuvillapinta<br \/>\n\u2022 65% rengaskehr\u00e4tty\u00e4 puuvillaa, 35% polyesteri\u00e4<br \/>\n\u2022 K\u00e4yt\u00e4nn\u00f6llinen etutasku<br \/>\n\u2022 Persoonallinen kangaspaikka takana<br \/>\n\u2022 S\u00e4\u00e4dett\u00e4v\u00e4t tasaiset kiristysny\u00f6rit<br \/>\n\u2022 3-paneelinen huppu kylmi\u00e4 p\u00e4ivi\u00e4 varten<br \/>\n\u2022 Tuote hankittu Pakistanista ja varustettu Kemil\u00e4ine-painatuksella.<\/p>","protected":false},"excerpt":{"rendered":"<p>Mist\u00e4 tunnistaa kemil\u00e4isen? No tietenkin paidasta! Anna hupparin puhua puolestasi ja n\u00e4yt\u00e4, ett\u00e4 olet ylpe\u00e4 juuristasi. Rinnassa KEMIL\u00c4INE-kaarilogo. Sel\u00e4ss\u00e4 original KEMIL\u00c4INE -logo. Hihoissa painatukset: KEMIL\u00c4INE ja EI SE SIIT\u00c4.<\/p>","protected":false},"featured_media":12457,"comment_status":"closed","ping_status":"closed","template":"","meta":[],"product_brand":[],"product_cat":[39,9],"product_tag":[],"class_list":{"0":"post-12436","1":"product","2":"type-product","3":"status-publish","4":"has-post-thumbnail","6":"product_cat-hupparit","7":"product_cat-kemilaine","8":"product_shipping_class-printful-swetshirt","10":"first","11":"instock","12":"taxable","13":"shipping-taxable","14":"purchasable","15":"product-type-variable"},"_links":{"self":[{"href":"https:\/\/outlines.fi\/en\/wp-json\/wp\/v2\/product\/12436","targetHints":{"allow":["GET"]}}],"collection":[{"href":"https:\/\/outlines.fi\/en\/wp-json\/wp\/v2\/product"}],"about":[{"href":"https:\/\/outlines.fi\/en\/wp-json\/wp\/v2\/types\/product"}],"replies":[{"embeddable":true,"href":"https:\/\/outlines.fi\/en\/wp-json\/wp\/v2\/comments?post=12436"}],"wp:featuredmedia":[{"embeddable":true,"href":"https:\/\/outlines.fi\/en\/wp-json\/wp\/v2\/media\/12457"}],"wp:attachment":[{"href":"https:\/\/outlines.fi\/en\/wp-json\/wp\/v2\/media?parent=12436"}],"wp:term":[{"taxonomy":"product_brand","embeddable":true,"href":"https:\/\/outlines.fi\/en\/wp-json\/wp\/v2\/product_brand?post=12436"},{"taxonomy":"product_cat","embeddable":true,"href":"https:\/\/outlines.fi\/en\/wp-json\/wp\/v2\/product_cat?post=12436"},{"taxonomy":"product_tag","embeddable":true,"href":"https:\/\/outlines.fi\/en\/wp-json\/wp\/v2\/product_tag?post=12436"}],"curies":[{"name":"wp","href":"https:\/\/api.w.org\/{rel}","templated":true}]}}