{"id":12447,"date":"2023-09-06T19:39:57","date_gmt":"2023-09-06T16:39:57","guid":{"rendered":"https:\/\/outlines.fi\/tuote\/unisex-basic-zip-hoodie\/"},"modified":"2023-11-26T12:27:19","modified_gmt":"2023-11-26T10:27:19","slug":"unisex-basic-zip-hoodie","status":"publish","type":"product","link":"https:\/\/outlines.fi\/en\/product\/unisex-basic-zip-hoodie\/","title":{"rendered":"Kemil\u00e4ine vetoketjuhuppari"},"content":{"rendered":"<p>Mist\u00e4 tunnistaa kemil\u00e4isen? No tietenkin paidasta! Anna hupparin puhua puolestasi ja n\u00e4yt\u00e4, ett\u00e4 olet ylpe\u00e4 juuristasi. Rinnassa on KEMIL\u00c4INE-kaarilogo, sel\u00e4ss\u00e4 alkuper\u00e4inen KEMIL\u00c4INE-logo ja hihoissa painatukset: KEMIL\u00c4INE sek\u00e4 EI SE SIIT\u00c4.<\/p>\n<p>T\u00e4m\u00e4 yksil\u00f6llinen unisex vetoketjuhuppari sis\u00e4lt\u00e4\u00e4 harjatun fleecen sis\u00e4puolella, hupun, jossa on samanv\u00e4riset kiristysny\u00f6rit, sek\u00e4 kaksi k\u00e4tev\u00e4\u00e4 etutaskua. Mukava istuvuus ja kevyt kangas tekev\u00e4t siit\u00e4 v\u00e4ltt\u00e4m\u00e4tt\u00f6m\u00e4n vapaa-ajan vaatteen.<\/p>\n<p>\u2022 50% rengaskehr\u00e4tty\u00e4 puuvillaa, 50% polyesteri\u00e4<br \/>\n\u2022 Kangaspaino: 7.67 oz\/yd\u00b2 (260 g\/m\u00b2)<br \/>\n\u2022 Harjattu fleece<br \/>\n\u2022 S\u00e4\u00e4nn\u00f6llinen istuvuus<br \/>\n\u2022 Suora leikkaus<br \/>\n\u2022 Putkimainen rakenne<br \/>\n\u2022 Resorit helmassa ja hihansuissa<br \/>\n\u2022 Huppu, jossa on samanv\u00e4riset kiristysny\u00f6rit<br \/>\n\u2022 2 etutaskua<br \/>\n\u2022 Istutetut hihat<br \/>\n\u2022 T\u00e4yspitk\u00e4 vetoketju<br \/>\n\u2022 Alkuper\u00e4inen tuote hankittu Pakistanista ja ylpe\u00e4sti br\u00e4nd\u00e4tty Kemil\u00e4ine-painatuksella.<\/p>","protected":false},"excerpt":{"rendered":"<p>Mist\u00e4 tunnistaa kemil\u00e4isen? No tietenkin paidasta! Anna hupparin puhua puolestasi ja n\u00e4yt\u00e4, ett\u00e4 olet ylpe\u00e4 juuristasi. Rinnassa on KEMIL\u00c4INE-kaarilogo, sel\u00e4ss\u00e4 alkuper\u00e4inen KEMIL\u00c4INE-logo ja hihoissa painatukset: KEMIL\u00c4INE sek\u00e4 EI SE SIIT\u00c4.<\/p>","protected":false},"featured_media":12462,"comment_status":"closed","ping_status":"closed","template":"","meta":[],"product_brand":[],"product_cat":[39,9],"product_tag":[],"class_list":{"0":"post-12447","1":"product","2":"type-product","3":"status-publish","4":"has-post-thumbnail","6":"product_cat-hupparit","7":"product_cat-kemilaine","8":"product_shipping_class-printful-swetshirt","10":"first","11":"instock","12":"taxable","13":"shipping-taxable","14":"purchasable","15":"product-type-variable"},"_links":{"self":[{"href":"https:\/\/outlines.fi\/en\/wp-json\/wp\/v2\/product\/12447","targetHints":{"allow":["GET"]}}],"collection":[{"href":"https:\/\/outlines.fi\/en\/wp-json\/wp\/v2\/product"}],"about":[{"href":"https:\/\/outlines.fi\/en\/wp-json\/wp\/v2\/types\/product"}],"replies":[{"embeddable":true,"href":"https:\/\/outlines.fi\/en\/wp-json\/wp\/v2\/comments?post=12447"}],"wp:featuredmedia":[{"embeddable":true,"href":"https:\/\/outlines.fi\/en\/wp-json\/wp\/v2\/media\/12462"}],"wp:attachment":[{"href":"https:\/\/outlines.fi\/en\/wp-json\/wp\/v2\/media?parent=12447"}],"wp:term":[{"taxonomy":"product_brand","embeddable":true,"href":"https:\/\/outlines.fi\/en\/wp-json\/wp\/v2\/product_brand?post=12447"},{"taxonomy":"product_cat","embeddable":true,"href":"https:\/\/outlines.fi\/en\/wp-json\/wp\/v2\/product_cat?post=12447"},{"taxonomy":"product_tag","embeddable":true,"href":"https:\/\/outlines.fi\/en\/wp-json\/wp\/v2\/product_tag?post=12447"}],"curies":[{"name":"wp","href":"https:\/\/api.w.org\/{rel}","templated":true}]}}