{"id":12466,"date":"2023-09-06T20:54:30","date_gmt":"2023-09-06T17:54:30","guid":{"rendered":"https:\/\/outlines.fi\/tuote\/baby-short-sleeve-one-piece\/"},"modified":"2023-09-21T21:33:15","modified_gmt":"2023-09-21T18:33:15","slug":"baby-short-sleeve-one-piece","status":"publish","type":"product","link":"https:\/\/outlines.fi\/en\/product\/baby-short-sleeve-one-piece\/","title":{"rendered":"Vauvan KEMIL\u00c4INE body"},"content":{"rendered":"<p>Mist\u00e4 tunnistaa pikku-kemil\u00e4isen? No tietenkin bodyst\u00e4! Pue vauvasi parhaimpiin t\u00e4ss\u00e4 100% puuvillaisessa bodyssa. Siin\u00e4 on kolme nepparia jalkojen v\u00e4liss\u00e4 helpottamaan vaipanvaihtoa, mukava kirjekuorikaulus ja kaunis painatus, joka saa vauvan nauramaan ja hihkumaan ilosta.<\/p>\n<p>\u2022 100% rengaskehr\u00e4tty\u00e4 kammattua puuvillaa<br \/>\n\u2022 Heather-v\u00e4rit ovat 52% rengaskehr\u00e4tty\u00e4 kammattua puuvillaa ja 48% polyesteri\u00e4<br \/>\n\u2022 Kangaspaino: 3.9 oz\/y\u00b2 (132.2 g\/m\u00b2)<br \/>\n\u2022 Sivusaumattu rakenne<br \/>\n\u2022 Kirjekuorikaulus<br \/>\n\u2022 Kolme nepparia jalkojen v\u00e4liss\u00e4<br \/>\n\u2022 Alkuper\u00e4inen tuote hankittu Nicaraguasta, Hondurasista tai Yhdysvalloista ja ylpe\u00e4sti br\u00e4nd\u00e4tty Kemil\u00e4ine-painatuksella.<\/p>","protected":false},"excerpt":{"rendered":"<p>Mist\u00e4 tunnistaa pikku-kemil\u00e4isen? No tietenkin bodyst\u00e4! Pue vauvasi parhaimpiin t\u00e4ss\u00e4 100% puuvillaisessa bodyssa. Siin\u00e4 on kolme nepparia jalkojen v\u00e4liss\u00e4 helpottamaan vaipanvaihtoa, mukava kirjekuorikaulus ja kaunis painatus, joka saa vauvan nauramaan ja hihkumaan ilosta.<\/p>","protected":false},"featured_media":12472,"comment_status":"closed","ping_status":"closed","template":"","meta":[],"product_brand":[],"product_cat":[9,40],"product_tag":[],"class_list":{"0":"post-12466","1":"product","2":"type-product","3":"status-publish","4":"has-post-thumbnail","6":"product_cat-kemilaine","7":"product_cat-muut-tuotteet","8":"product_shipping_class-printful-hat","10":"first","11":"instock","12":"taxable","13":"shipping-taxable","14":"purchasable","15":"product-type-variable"},"_links":{"self":[{"href":"https:\/\/outlines.fi\/en\/wp-json\/wp\/v2\/product\/12466","targetHints":{"allow":["GET"]}}],"collection":[{"href":"https:\/\/outlines.fi\/en\/wp-json\/wp\/v2\/product"}],"about":[{"href":"https:\/\/outlines.fi\/en\/wp-json\/wp\/v2\/types\/product"}],"replies":[{"embeddable":true,"href":"https:\/\/outlines.fi\/en\/wp-json\/wp\/v2\/comments?post=12466"}],"wp:featuredmedia":[{"embeddable":true,"href":"https:\/\/outlines.fi\/en\/wp-json\/wp\/v2\/media\/12472"}],"wp:attachment":[{"href":"https:\/\/outlines.fi\/en\/wp-json\/wp\/v2\/media?parent=12466"}],"wp:term":[{"taxonomy":"product_brand","embeddable":true,"href":"https:\/\/outlines.fi\/en\/wp-json\/wp\/v2\/product_brand?post=12466"},{"taxonomy":"product_cat","embeddable":true,"href":"https:\/\/outlines.fi\/en\/wp-json\/wp\/v2\/product_cat?post=12466"},{"taxonomy":"product_tag","embeddable":true,"href":"https:\/\/outlines.fi\/en\/wp-json\/wp\/v2\/product_tag?post=12466"}],"curies":[{"name":"wp","href":"https:\/\/api.w.org\/{rel}","templated":true}]}}