{"id":12473,"date":"2023-09-06T21:09:53","date_gmt":"2023-09-06T18:09:53","guid":{"rendered":"https:\/\/outlines.fi\/tuote\/kemilaine-muki-musta\/"},"modified":"2023-11-26T12:29:21","modified_gmt":"2023-11-26T10:29:21","slug":"kemilaine-muki-musta","status":"publish","type":"product","link":"https:\/\/outlines.fi\/en\/product\/kemilaine-muki-musta\/","title":{"rendered":"KEMIL\u00c4INE -muki &#8211; musta"},"content":{"rendered":"<p>Kemil\u00e4inen aamukahvi tai -tee maistuu piirun verran paremmalta KEMIL\u00c4INE-mukista \u2013 ja saa torniolaiset kateelliseksi. T\u00e4m\u00e4 muki ei vain pid\u00e4 juomaasi l\u00e4mpim\u00e4n\u00e4, vaan se my\u00f6s her\u00e4tt\u00e4\u00e4 kemil\u00e4ist\u00e4 ylpeytt\u00e4 jokaisella siemauksella. Valmistettu laadukkaasta keraamisesta materiaalista ja viimeistelty kiilt\u00e4v\u00e4ll\u00e4 pinnalla, se on t\u00e4ydellinen lis\u00e4ys jokaiseen keitti\u00f6\u00f6n.<\/p>\n<p>\u2022 Materiaali: Keraaminen<br \/>\n\u2022 11 oz mukin mitat: korkeus &#8211; 3.85&#8243; (9.8 cm), halkaisija &#8211; 3.35&#8243; (8.5 cm)<br \/>\n\u2022 15 oz mukin mitat: korkeus &#8211; 4.7&#8243; (12 cm), halkaisija 3.35&#8243; (8.5 cm)<br \/>\n\u2022 Viimeistely: Kiilt\u00e4v\u00e4<br \/>\n\u2022 EI sovellu astianpesukoneeseen tai mikroaaltouuniin<br \/>\n\u2022 K\u00e4sinpesu suositeltavaa<\/p>","protected":false},"excerpt":{"rendered":"<p>Kemil\u00e4inen aamukahvi tai -tee maistuu piirun verran paremmalta KEMIL\u00c4INE-mukista \u2013 ja saa torniolaiset kateelliseksi. T\u00e4m\u00e4 muki ei vain pid\u00e4 juomaasi l\u00e4mpim\u00e4n\u00e4, vaan se my\u00f6s her\u00e4tt\u00e4\u00e4 kemil\u00e4ist\u00e4 ylpeytt\u00e4 jokaisella siemauksella. Valmistettu laadukkaasta keraamisesta materiaalista ja viimeistelty kiilt\u00e4v\u00e4ll\u00e4 pinnalla, se on t\u00e4ydellinen lis\u00e4ys jokaiseen keitti\u00f6\u00f6n.<\/p>","protected":false},"featured_media":12474,"comment_status":"closed","ping_status":"closed","template":"","meta":[],"product_brand":[],"product_cat":[9,40],"product_tag":[],"class_list":{"0":"post-12473","1":"product","2":"type-product","3":"status-publish","4":"has-post-thumbnail","6":"product_cat-kemilaine","7":"product_cat-muut-tuotteet","8":"product_shipping_class-printful-mug","10":"first","11":"instock","12":"taxable","13":"shipping-taxable","14":"purchasable","15":"product-type-simple"},"_links":{"self":[{"href":"https:\/\/outlines.fi\/en\/wp-json\/wp\/v2\/product\/12473","targetHints":{"allow":["GET"]}}],"collection":[{"href":"https:\/\/outlines.fi\/en\/wp-json\/wp\/v2\/product"}],"about":[{"href":"https:\/\/outlines.fi\/en\/wp-json\/wp\/v2\/types\/product"}],"replies":[{"embeddable":true,"href":"https:\/\/outlines.fi\/en\/wp-json\/wp\/v2\/comments?post=12473"}],"wp:featuredmedia":[{"embeddable":true,"href":"https:\/\/outlines.fi\/en\/wp-json\/wp\/v2\/media\/12474"}],"wp:attachment":[{"href":"https:\/\/outlines.fi\/en\/wp-json\/wp\/v2\/media?parent=12473"}],"wp:term":[{"taxonomy":"product_brand","embeddable":true,"href":"https:\/\/outlines.fi\/en\/wp-json\/wp\/v2\/product_brand?post=12473"},{"taxonomy":"product_cat","embeddable":true,"href":"https:\/\/outlines.fi\/en\/wp-json\/wp\/v2\/product_cat?post=12473"},{"taxonomy":"product_tag","embeddable":true,"href":"https:\/\/outlines.fi\/en\/wp-json\/wp\/v2\/product_tag?post=12473"}],"curies":[{"name":"wp","href":"https:\/\/api.w.org\/{rel}","templated":true}]}}