{"id":12523,"date":"2023-09-07T07:33:01","date_gmt":"2023-09-07T04:33:01","guid":{"rendered":"https:\/\/outlines.fi\/tuote\/roisto-ristisana\/"},"modified":"2024-03-16T10:03:18","modified_gmt":"2024-03-16T08:03:18","slug":"roisto-ristisana","status":"publish","type":"product","link":"https:\/\/outlines.fi\/en\/product\/roisto-ristisana\/","title":{"rendered":"Roisto &#8211; Ristisana"},"content":{"rendered":"<p>Ristisana-printti<\/p>\n<p>\u2022 100% rengaskehr\u00e4tty\u00e4 kammattua puuvillaa<br \/>\n\u2022 Heather-v\u00e4rit ovat 52% rengaskehr\u00e4tty\u00e4 kammattua puuvillaa ja 48% polyesteri\u00e4<br \/>\n\u2022 Kangaspaino: 3.9 oz\/y\u00b2 (132.2 g\/m\u00b2)<br \/>\n\u2022 Sivusaumattu rakenne<br \/>\n\u2022 Kirjekuorikaulus<br \/>\n\u2022 Kolme nepparia jalkojen v\u00e4liss\u00e4<br \/>\n\u2022 Alkuper\u00e4inen tuote hankittu Nicaraguasta, Hondurasista tai Yhdysvalloista<\/p>","protected":false},"excerpt":{"rendered":"<p>Ristisana-printti \u2022 100% rengaskehr\u00e4tty\u00e4 kammattua puuvillaa \u2022 Heather-v\u00e4rit ovat 52% rengaskehr\u00e4tty\u00e4 kammattua puuvillaa ja 48% polyesteri\u00e4 \u2022 Kangaspaino: 3.9 oz\/y\u00b2 (132.2 g\/m\u00b2) \u2022 Sivusaumattu rakenne \u2022 Kirjekuorikaulus \u2022 Kolme nepparia jalkojen v\u00e4liss\u00e4 \u2022 Alkuper\u00e4inen tuote hankittu Nicaraguasta, Hondurasista tai Yhdysvalloista<\/p>","protected":false},"featured_media":12532,"comment_status":"closed","ping_status":"closed","template":"","meta":[],"product_brand":[],"product_cat":[34,38],"product_tag":[],"class_list":{"0":"post-12523","1":"product","2":"type-product","3":"status-publish","4":"has-post-thumbnail","6":"product_cat-roisto","7":"product_cat-t-paidat","8":"product_shipping_class-printful-t-shirt","10":"first","11":"instock","12":"taxable","13":"shipping-taxable","14":"purchasable","15":"product-type-variable"},"_links":{"self":[{"href":"https:\/\/outlines.fi\/en\/wp-json\/wp\/v2\/product\/12523","targetHints":{"allow":["GET"]}}],"collection":[{"href":"https:\/\/outlines.fi\/en\/wp-json\/wp\/v2\/product"}],"about":[{"href":"https:\/\/outlines.fi\/en\/wp-json\/wp\/v2\/types\/product"}],"replies":[{"embeddable":true,"href":"https:\/\/outlines.fi\/en\/wp-json\/wp\/v2\/comments?post=12523"}],"wp:featuredmedia":[{"embeddable":true,"href":"https:\/\/outlines.fi\/en\/wp-json\/wp\/v2\/media\/12532"}],"wp:attachment":[{"href":"https:\/\/outlines.fi\/en\/wp-json\/wp\/v2\/media?parent=12523"}],"wp:term":[{"taxonomy":"product_brand","embeddable":true,"href":"https:\/\/outlines.fi\/en\/wp-json\/wp\/v2\/product_brand?post=12523"},{"taxonomy":"product_cat","embeddable":true,"href":"https:\/\/outlines.fi\/en\/wp-json\/wp\/v2\/product_cat?post=12523"},{"taxonomy":"product_tag","embeddable":true,"href":"https:\/\/outlines.fi\/en\/wp-json\/wp\/v2\/product_tag?post=12523"}],"curies":[{"name":"wp","href":"https:\/\/api.w.org\/{rel}","templated":true}]}}