{"id":12651,"date":"2023-11-25T18:34:59","date_gmt":"2023-11-25T16:34:59","guid":{"rendered":"https:\/\/outlines.fi\/tuote\/kangaskassi-sana-logolla\/"},"modified":"2026-04-15T08:40:50","modified_gmt":"2026-04-15T05:40:50","slug":"kangaskassi-sana-logolla","status":"publish","type":"product","link":"https:\/\/outlines.fi\/en\/product\/kangaskassi-sana-logolla\/","title":{"rendered":"Kangaskassi Sana logolla"},"content":{"rendered":"<p> Kevyt ja ohut materiaali<br \/>\n\u2022 100 % luomupuuvilla<br \/>\n\u2022 Monokromaattinen look<br \/>\n\u2022 Avoimet p\u00e4\u00e4lokero leve\u00e4ll\u00e4 pohjalla<br \/>\n\u2022 Kangaspaino: 5,01 oz\/yd\u00b2 (170 g\/m\u00b2)<br \/>\n\u2022 Tuotteen mitat: 14\u2033 \u00d7 15 \u00be\u2033 \u00d7 2 \u00be\u2033 (36 cm \u00d7 40 cm \u00d7 7 cm)<br \/>\n\u2022 Tuotteen osat valmistettu Intiasta<\/p>","protected":false},"excerpt":{"rendered":"<p>Kevyt ja ohut materiaali \u2022 100 % luomupuuvilla \u2022 Monokromaattinen look \u2022 Avoimet p\u00e4\u00e4lokero leve\u00e4ll\u00e4 pohjalla \u2022 Kangaspaino: 5,01 oz\/yd\u00b2 (170 g\/m\u00b2) \u2022 Tuotteen mitat: 14\u2033 \u00d7 15 \u00be\u2033 \u00d7 2 \u00be\u2033 (36 cm \u00d7 40 cm \u00d7 7 cm) \u2022 Tuotteen osat valmistettu Intiasta<\/p>","protected":false},"featured_media":12652,"comment_status":"open","ping_status":"closed","template":"","meta":[],"product_brand":[],"product_cat":[40,125],"product_tag":[],"class_list":{"0":"post-12651","1":"product","2":"type-product","3":"status-publish","4":"has-post-thumbnail","6":"product_cat-muut-tuotteet","7":"product_cat-sana","8":"product_shipping_class-printful-hat","10":"first","11":"instock","12":"taxable","13":"shipping-taxable","14":"purchasable","15":"product-type-simple"},"_links":{"self":[{"href":"https:\/\/outlines.fi\/en\/wp-json\/wp\/v2\/product\/12651","targetHints":{"allow":["GET"]}}],"collection":[{"href":"https:\/\/outlines.fi\/en\/wp-json\/wp\/v2\/product"}],"about":[{"href":"https:\/\/outlines.fi\/en\/wp-json\/wp\/v2\/types\/product"}],"replies":[{"embeddable":true,"href":"https:\/\/outlines.fi\/en\/wp-json\/wp\/v2\/comments?post=12651"}],"wp:featuredmedia":[{"embeddable":true,"href":"https:\/\/outlines.fi\/en\/wp-json\/wp\/v2\/media\/12652"}],"wp:attachment":[{"href":"https:\/\/outlines.fi\/en\/wp-json\/wp\/v2\/media?parent=12651"}],"wp:term":[{"taxonomy":"product_brand","embeddable":true,"href":"https:\/\/outlines.fi\/en\/wp-json\/wp\/v2\/product_brand?post=12651"},{"taxonomy":"product_cat","embeddable":true,"href":"https:\/\/outlines.fi\/en\/wp-json\/wp\/v2\/product_cat?post=12651"},{"taxonomy":"product_tag","embeddable":true,"href":"https:\/\/outlines.fi\/en\/wp-json\/wp\/v2\/product_tag?post=12651"}],"curies":[{"name":"wp","href":"https:\/\/api.w.org\/{rel}","templated":true}]}}