{"id":12681,"date":"2024-02-25T09:11:14","date_gmt":"2024-02-25T07:11:14","guid":{"rendered":"https:\/\/outlines.fi\/tuote\/huppari-sana-logolla-2\/"},"modified":"2026-02-12T08:47:02","modified_gmt":"2026-02-12T06:47:02","slug":"huppari-sana-logolla-2","status":"publish","type":"product","link":"https:\/\/outlines.fi\/en\/product\/huppari-sana-logolla-2\/","title":{"rendered":"Huppari Sana logolla"},"content":{"rendered":"<p>\u2022 100 % puuvillapinta<br \/>\n\u2022 65 % rengaskehr\u00e4tty\u00e4 puuvillaa, 35 % polyesteri\u00e4<br \/>\n\u2022 Etutasku<br \/>\n\u2022 Itse kangaspala takana<br \/>\n\u2022 Sopivat litte\u00e4t ny\u00f6rit<br \/>\n\u2022 3-osainen huppu<br \/>\n\u2022 Tyhj\u00e4 tuote hankittu Pakistanista<\/p>","protected":false},"excerpt":{"rendered":"<p>\u2022 100 % puuvillapinta \u2022 65 % rengaskehr\u00e4tty\u00e4 puuvillaa, 35 % polyesteri\u00e4 \u2022 Etutasku \u2022 Itse kangaspala takana \u2022 Sopivat litte\u00e4t ny\u00f6rit \u2022 3-osainen huppu \u2022 Tyhj\u00e4 tuote hankittu Pakistanista<\/p>","protected":false},"featured_media":12699,"comment_status":"open","ping_status":"closed","template":"","meta":[],"product_brand":[],"product_cat":[39,125],"product_tag":[],"class_list":{"0":"post-12681","1":"product","2":"type-product","3":"status-publish","4":"has-post-thumbnail","6":"product_cat-hupparit","7":"product_cat-sana","8":"product_shipping_class-printful-swetshirt","10":"first","11":"instock","12":"taxable","13":"shipping-taxable","14":"purchasable","15":"product-type-variable"},"_links":{"self":[{"href":"https:\/\/outlines.fi\/en\/wp-json\/wp\/v2\/product\/12681","targetHints":{"allow":["GET"]}}],"collection":[{"href":"https:\/\/outlines.fi\/en\/wp-json\/wp\/v2\/product"}],"about":[{"href":"https:\/\/outlines.fi\/en\/wp-json\/wp\/v2\/types\/product"}],"replies":[{"embeddable":true,"href":"https:\/\/outlines.fi\/en\/wp-json\/wp\/v2\/comments?post=12681"}],"wp:featuredmedia":[{"embeddable":true,"href":"https:\/\/outlines.fi\/en\/wp-json\/wp\/v2\/media\/12699"}],"wp:attachment":[{"href":"https:\/\/outlines.fi\/en\/wp-json\/wp\/v2\/media?parent=12681"}],"wp:term":[{"taxonomy":"product_brand","embeddable":true,"href":"https:\/\/outlines.fi\/en\/wp-json\/wp\/v2\/product_brand?post=12681"},{"taxonomy":"product_cat","embeddable":true,"href":"https:\/\/outlines.fi\/en\/wp-json\/wp\/v2\/product_cat?post=12681"},{"taxonomy":"product_tag","embeddable":true,"href":"https:\/\/outlines.fi\/en\/wp-json\/wp\/v2\/product_tag?post=12681"}],"curies":[{"name":"wp","href":"https:\/\/api.w.org\/{rel}","templated":true}]}}