{"id":9471,"date":"2020-01-29T19:37:23","date_gmt":"2020-01-29T17:37:23","guid":{"rendered":"https:\/\/outlines.fi\/kauppa\/tuote\/kemilaine-kahavimuki\/"},"modified":"2023-11-26T12:29:28","modified_gmt":"2023-11-26T10:29:28","slug":"kahavikuppi","status":"publish","type":"product","link":"https:\/\/outlines.fi\/en\/product\/kahavikuppi\/","title":{"rendered":"Kahavikuppi"},"content":{"rendered":"<p>T\u00e4ss\u00e4 kupissa kahavi ei maistu sen kummemalta, mutta on aivan hyv\u00e4 j\u00e4\u00e4nmurtaja ja kahvip\u00f6yt\u00e4keskustelujen avaaja. Varsinki Torniossa.<\/p>\n<p>\u2022 Keraaminen<br \/>\n\u2022 Kest\u00e4\u00e4 konepesun ja voi l\u00e4mmitt\u00e4\u00e4 mikrossa.<br \/>\n\u2022 Valkoinen ja kiilt\u00e4v\u00e4<\/p>\n<p>Tilaustuote. Normaali toimitusaika on 5-20 arkip\u00e4iv\u00e4\u00e4.<\/p>","protected":false},"excerpt":{"rendered":"<p>T\u00e4ss\u00e4 kupissa kahavi ei maistu sen kummemalta, mutta on aivan hyv\u00e4 j\u00e4\u00e4nmurtaja ja kahvip\u00f6yt\u00e4keskustelujen avaaja. Varsinki Torniossa. \u2022 Keraaminen \u2022 Kest\u00e4\u00e4 konepesun ja voi l\u00e4mmitt\u00e4\u00e4 mikrossa. \u2022 Valkoinen ja kiilt\u00e4v\u00e4 Tilaustuote. Normaali toimitusaika on 5-20 arkip\u00e4iv\u00e4\u00e4.<\/p>","protected":false},"featured_media":9477,"comment_status":"closed","ping_status":"closed","template":"","meta":[],"product_brand":[],"product_cat":[9,40],"product_tag":[85,81,22,82],"class_list":{"0":"post-9471","1":"product","2":"type-product","3":"status-publish","4":"has-post-thumbnail","6":"product_cat-kemilaine","7":"product_cat-muut-tuotteet","8":"product_tag-kahavikuppi","9":"product_tag-kemi","10":"product_tag-kemilaine","11":"product_tag-original","12":"product_shipping_class-printful-mug","13":"pa_tuotemerkki-kemilaine","15":"first","16":"instock","17":"taxable","18":"shipping-taxable","19":"purchasable","20":"product-type-simple"},"_links":{"self":[{"href":"https:\/\/outlines.fi\/en\/wp-json\/wp\/v2\/product\/9471","targetHints":{"allow":["GET"]}}],"collection":[{"href":"https:\/\/outlines.fi\/en\/wp-json\/wp\/v2\/product"}],"about":[{"href":"https:\/\/outlines.fi\/en\/wp-json\/wp\/v2\/types\/product"}],"replies":[{"embeddable":true,"href":"https:\/\/outlines.fi\/en\/wp-json\/wp\/v2\/comments?post=9471"}],"wp:featuredmedia":[{"embeddable":true,"href":"https:\/\/outlines.fi\/en\/wp-json\/wp\/v2\/media\/9477"}],"wp:attachment":[{"href":"https:\/\/outlines.fi\/en\/wp-json\/wp\/v2\/media?parent=9471"}],"wp:term":[{"taxonomy":"product_brand","embeddable":true,"href":"https:\/\/outlines.fi\/en\/wp-json\/wp\/v2\/product_brand?post=9471"},{"taxonomy":"product_cat","embeddable":true,"href":"https:\/\/outlines.fi\/en\/wp-json\/wp\/v2\/product_cat?post=9471"},{"taxonomy":"product_tag","embeddable":true,"href":"https:\/\/outlines.fi\/en\/wp-json\/wp\/v2\/product_tag?post=9471"}],"curies":[{"name":"wp","href":"https:\/\/api.w.org\/{rel}","templated":true}]}}